{"id":26,"date":"2018-04-05T12:36:53","date_gmt":"2018-04-05T12:36:53","guid":{"rendered":"https:\/\/jeaninekrath.com\/?page_id=26"},"modified":"2025-03-22T00:57:18","modified_gmt":"2025-03-21T23:57:18","slug":"resume","status":"publish","type":"page","link":"https:\/\/jeaninekrath.com\/de\/resume\/","title":{"rendered":"Lebenslauf"},"content":{"rendered":"<section class=\"fw-main-row\"  >\n\t<div class=\"fw-container\">\n\t\t<div class=\"row\">\n\t\r\n\r\n<div class=\"col-xs-12 col-sm-12 resume\">\r\n    <div id=\"col_inner_id-69dec079eeb81\" class=\"fw-col-inner\" data-paddings=\"0px 0px 0px 0px\">\r\n\t\t\n<div class=\"block-title\">\n    <h3>Arbeitserfahrung<span><\/span><\/h3>\n<\/div>\n\n\n<div id=\"timeline-69dec079eece3\" class=\"timeline timeline-second-style clearfix\">\n\t\t\t\t\t<div class=\"timeline-item clearfix\">\n\t\t\t<div class=\"left-part\">\n\t\t\t\t<h5 class=\"item-period\">April 2025 - heute<\/h5>\n\t\t\t\t<span class=\"item-company\">Universit\u00e4t Koblenz<\/span>\n\t\t\t\t\t\t\t<\/div>\n\t\t\t<div class=\"divider\"><\/div>\n\t\t\t<div class=\"right-part\">\n\t\t\t\t<h4 class=\"item-title\">Juniorprofessorin f\u00fcr Digitalisierung und nachhaltiges Wirtschaften<\/h4>\n\t\t\t\t<div class=\"text\">\n\t\t\t\t\t<ul><li>Leiterin der Forschungsgruppe Digitalisierung und nachhaltiges Wirtschaften (<a href=\"https:\/\/www.uni-koblenz.de\/de\/informatik\/ifm\/digitalisierung_nachhaltiges_wirtschaften\" target=\"_blank\" rel=\"noopener\">https:\/\/www.uni-koblenz.de\/de\/informatik\/ifm\/digitalisierung_nachhaltiges_wirtschaften<\/a>)<\/li><\/ul>\t\t\t\t<\/div>\n\t\t\t<\/div>\n\t\t<\/div>\n\t\t\t\t\t\t\t<div class=\"timeline-item clearfix\">\n\t\t\t<div class=\"left-part\">\n\t\t\t\t<h5 class=\"item-period\">M\u00e4rz 2025 - April 2025<\/h5>\n\t\t\t\t<span class=\"item-company\">Otto-Friedrich-Universit\u00e4t Bamberg<\/span>\n\t\t\t\t\t\t\t<\/div>\n\t\t\t<div class=\"divider\"><\/div>\n\t\t\t<div class=\"right-part\">\n\t\t\t\t<h4 class=\"item-title\">Postdoktorandin<\/h4>\n\t\t\t\t<div class=\"text\">\n\t\t\t\t\t<ul><li>Forschungsprojekt zu Mensch-KI Ko-Kreativit\u00e4t f\u00fcr Nachhaltigkeitsinnovationen, gef\u00f6rdert durch das <a href=\"https:\/\/en.bidt.digital\/\" target=\"_blank\" rel=\"noopener\">Postdoc Graduate Center des Bayrischen Forschungsinstituts f\u00fcr Digitale Transformation<\/a><\/li><\/ul>\t\t\t\t<\/div>\n\t\t\t<\/div>\n\t\t<\/div>\n\t\t\t\t\t\t\t<div class=\"timeline-item clearfix\">\n\t\t\t<div class=\"left-part\">\n\t\t\t\t<h5 class=\"item-period\">July 2023 - February 2025<\/h5>\n\t\t\t\t<span class=\"item-company\">Friedrich-Alexander-Universit\u00e4t Erlangen-N\u00fcrnberg<\/span>\n\t\t\t\t\t\t\t<\/div>\n\t\t\t<div class=\"divider\"><\/div>\n\t\t\t<div class=\"right-part\">\n\t\t\t\t<h4 class=\"item-title\">Postdoktorandin<\/h4>\n\t\t\t\t<div class=\"text\">\n\t\t\t\t\t<ul><li>Mitarbeiterin in der Forschungsgruppe f\u00fcr Wirtschaftsinformatik, insb. Gamification (<a href=\"https:\/\/gamification.rw.fau.eu\/\" target=\"_blank\" rel=\"noopener\">https:\/\/gamification.rw.fau.eu\/<\/a>)<\/li><li>Forschungsprojekt zu motivationalen Informationssystemen als Ma\u00dfnahme gegen Prokrastination und zur Unterst\u00fctzung mentaler Gesundheit, gef\u00f6rdert durch das Stipendienprogramm <a href=\"https:\/\/www.gender-und-diversity.fau.de\/english\/equality\/financial-support\/scholarship-programme-ffl\/\" target=\"_blank\" rel=\"noopener\">\u201eRealisierung der Chancengleichheit f\u00fcr Frauen in Forschung und Lehre\u201c (FFL)<\/a><\/li><\/ul>\t\t\t\t<\/div>\n\t\t\t<\/div>\n\t\t<\/div>\n\t\t\t\t\t\t\t<div class=\"timeline-item clearfix\">\n\t\t\t<div class=\"left-part\">\n\t\t\t\t<h5 class=\"item-period\">Oktober 2021 - heute<\/h5>\n\t\t\t\t<span class=\"item-company\">Universit\u00e4t Koblenz<\/span>\n\t\t\t\t\t\t\t<\/div>\n\t\t\t<div class=\"divider\"><\/div>\n\t\t\t<div class=\"right-part\">\n\t\t\t\t<h4 class=\"item-title\">Akademische Leiterin des Kompetenzzentrums f\u00fcr Gamification in Organisationen und f\u00fcr Nachhaltigkeit (GAMOS)<\/h4>\n\t\t\t\t<div class=\"text\">\n\t\t\t\t\t<ul><li>Akquisition und Leitung von Forschungsprojekten, die dem <a href=\"https:\/\/www.uni-koblenz-landau.de\/de\/zifet\/kompetenzzentren\/gamos\/\" target=\"_blank\" rel=\"noopener\">GAMOS Kompetenzzentrum<\/a> (Greenify.work, GameLOAP)<\/li><li>Drittmitteleinwerbung, Planung und Durchf\u00fchrung der 1. Interdisziplin\u00e4ren Konferenz zu Gamification &amp; Entrepreneurship (<a href=\"https:\/\/startplay-conference.com\/\" target=\"_blank\" rel=\"noopener\">StartPlay<\/a>)<\/li><li>Development and organization of a new master course on \"Gamification and gamified systems\" (<a href=\"https:\/\/www.uni-koblenz-landau.de\/de\/aktuell\/preis-der-universitaet-koblenz-landau-fuer-digital-gestuetzte-lehre-am-campus-koblenz-vergeben\/\" target=\"_blank\" rel=\"noopener\">Universit\u00e4tspreis f\u00fcr digital gest\u00fctzte Lehre<\/a>)<\/li><\/ul>\t\t\t\t<\/div>\n\t\t\t<\/div>\n\t\t<\/div>\n\t\t\t\t\t\t\t<div class=\"timeline-item clearfix\">\n\t\t\t<div class=\"left-part\">\n\t\t\t\t<h5 class=\"item-period\">September 2022 - Dezember 2022<\/h5>\n\t\t\t\t<span class=\"item-company\">Tampere University<\/span>\n\t\t\t\t\t\t\t<\/div>\n\t\t\t<div class=\"divider\"><\/div>\n\t\t\t<div class=\"right-part\">\n\t\t\t\t<h4 class=\"item-title\">Gastforscherin bei der Gamification Group <\/h4>\n\t\t\t\t<div class=\"text\">\n\t\t\t\t\t<ul><li>Gastforschungsaufenthalt bei der <a href=\"https:\/\/webpages.tuni.fi\/gamification\/\" target=\"_blank\" rel=\"noopener\">Gamification Group<\/a> von Prof. Dr. Juho Hamari an der Universit\u00e4t Tampere, Finnland<\/li><li>Arbeit an gemeinsamen Publikationen im Bereich Gamification und Nachhaltigkeit<\/li><li>Konferenzkommiteemitglied der <a href=\"https:\/\/www.mindtrek.org\/2022\/\" target=\"_blank\" rel=\"noopener\">25th Academic Mindtrek conference 2022<\/a><\/li><\/ul>\t\t\t\t<\/div>\n\t\t\t<\/div>\n\t\t<\/div>\n\t\t\t\t\t\t\t<div class=\"timeline-item clearfix\">\n\t\t\t<div class=\"left-part\">\n\t\t\t\t<h5 class=\"item-period\">Januar 2020 - Juni 2023<\/h5>\n\t\t\t\t<span class=\"item-company\">Universit\u00e4t Koblenz<\/span>\n\t\t\t\t\t\t\t<\/div>\n\t\t\t<div class=\"divider\"><\/div>\n\t\t\t<div class=\"right-part\">\n\t\t\t\t<h4 class=\"item-title\">Wissenschaftliche Mitarbeiterin am Zentralen Institut f\u00fcr Scientific Entrepreneurship und International Transfer<\/h4>\n\t\t\t\t<div class=\"text\">\n\t\t\t\t\t<ul><li>Arbeit im INTERREG-Projekt KTUR (Knowledge Transfer Upper Rhine):<br \/>Aufbau eines trinationalen Netzwerks f\u00fcr grenz\u00fcbergreifenden Wissens- und<br \/>Technologietransfer in der Oberrheinregion: <a href=\"https:\/\/www.ktur.eu\/\" target=\"_blank\" rel=\"noopener\">https:\/\/www.ktur.eu\/<\/a><\/li><li>Konzeption und Organisation eines gamifizierten Online-Kurses zu<br \/>Management und F\u00fchrung<\/li><\/ul>\t\t\t\t<\/div>\n\t\t\t<\/div>\n\t\t<\/div>\n\t\t\t\t\t\t\t<div class=\"timeline-item clearfix\">\n\t\t\t<div class=\"left-part\">\n\t\t\t\t<h5 class=\"item-period\">Februar 2018 - Mai 2020<\/h5>\n\t\t\t\t<span class=\"item-company\">Particulate Solutions GmbH<\/span>\n\t\t\t\t\t\t\t<\/div>\n\t\t\t<div class=\"divider\"><\/div>\n\t\t\t<div class=\"right-part\">\n\t\t\t\t<h4 class=\"item-title\">Marketing und Customer Success<\/h4>\n\t\t\t\t<div class=\"text\">\n\t\t\t\t\t<ul><li>Aufbau eines neuen Customer Success Management Teams<\/li><li>Konzeption und Umsetzung von Marketingkampagnen<\/li><li>Einrichtung und Design von Kundenplattformen mit HTML und CSS<\/li><\/ul>\t\t\t\t<\/div>\n\t\t\t<\/div>\n\t\t<\/div>\n\t\t\t\t\t\t\t<div class=\"timeline-item clearfix\">\n\t\t\t<div class=\"left-part\">\n\t\t\t\t<h5 class=\"item-period\">November 2015 - Oktober 2018<\/h5>\n\t\t\t\t<span class=\"item-company\">Universit\u00e4t Koblenz-Landau<\/span>\n\t\t\t\t\t\t\t<\/div>\n\t\t\t<div class=\"divider\"><\/div>\n\t\t\t<div class=\"right-part\">\n\t\t\t\t<h4 class=\"item-title\">Studentische Hilfskraft am Institut f\u00fcr Management<\/h4>\n\t\t\t\t<div class=\"text\">\n\t\t\t\t\t<ul><li>Forschung zu neuen Mobilit\u00e4tskonzepten und Smart Quality in der Forschungsgruppe<br \/>f\u00fcr Marketing und Digital Services<\/li><li>Unterst\u00fctzung der Lehre in der Forschungsgruppe f\u00fcr das Management<br \/>von Information, Innovation, Entrepreneurship und Organisation (MI\u00b2EO)<\/li><\/ul>\t\t\t\t<\/div>\n\t\t\t<\/div>\n\t\t<\/div>\n\t\t\t<\/div>\n\n\t<div class=\"fw-divider-space\" style=\"padding-top: 30px;\"><\/div>\n\n<div class=\"block-title\">\n    <h3>Akademische Ausbildung<span><\/span><\/h3>\n<\/div>\n\n\n<div id=\"timeline-69dec079ef0da\" class=\"timeline timeline-second-style clearfix\">\n\t\t\t\t\t<div class=\"timeline-item clearfix\">\n\t\t\t<div class=\"left-part\">\n\t\t\t\t<h5 class=\"item-period\">January 2020 - August 2023<\/h5>\n\t\t\t\t<span class=\"item-company\">Universit\u00e4t Koblenz<\/span>\n\t\t\t\t\t\t\t<\/div>\n\t\t\t<div class=\"divider\"><\/div>\n\t\t\t<div class=\"right-part\">\n\t\t\t\t<h4 class=\"item-title\">Dr. rer. pol. Informationsmanagement (unterst\u00fctzt durch ein Promotionsstipendium der Stiftung der deutschen Wirtschaft) (summa cum laude)<\/h4>\n\t\t\t\t<div class=\"text\">\n\t\t\t\t\t<ul><li>Dissertation: Gamification f\u00fcr nachhaltiges Mitarbeiterverhalten<\/li><li>Themengebiete: Gamification, Mensch-Maschine Interaktion, Nachhaltigkeitsmanagement<\/li><\/ul>\t\t\t\t<\/div>\n\t\t\t<\/div>\n\t\t<\/div>\n\t\t\t\t\t\t\t<div class=\"timeline-item clearfix\">\n\t\t\t<div class=\"left-part\">\n\t\t\t\t<h5 class=\"item-period\">Oktober 2016 - September 2019<\/h5>\n\t\t\t\t<span class=\"item-company\">Universit\u00e4t Koblenz-Landau<\/span>\n\t\t\t\t\t\t\t<\/div>\n\t\t\t<div class=\"divider\"><\/div>\n\t\t\t<div class=\"right-part\">\n\t\t\t\t<h4 class=\"item-title\">Master of Science Informationsmanagement (\u00d8 1,0)<\/h4>\n\t\t\t\t<div class=\"text\">\n\t\t\t\t\t<ul><li>Enterprise Information Management, Marktforschung, Information Society<\/li><li>Masterarbeit: Design eines Strategieframeworks f\u00fcr Social Start-Ups<\/li><\/ul>\t\t\t\t<\/div>\n\t\t\t<\/div>\n\t\t<\/div>\n\t\t\t\t\t\t\t<div class=\"timeline-item clearfix\">\n\t\t\t<div class=\"left-part\">\n\t\t\t\t<h5 class=\"item-period\">Juni 2017 - August 2017<\/h5>\n\t\t\t\t<span class=\"item-company\">University of California Los Angeles (UCLA)<\/span>\n\t\t\t\t\t\t\t<\/div>\n\t\t\t<div class=\"divider\"><\/div>\n\t\t\t<div class=\"right-part\">\n\t\t\t\t<h4 class=\"item-title\">Summer Sessions (\u00d8 1,0)<\/h4>\n\t\t\t\t<div class=\"text\">\n\t\t\t\t\t<ul><li>Information technology in accounting<\/li><li>Business law<\/li><\/ul>\t\t\t\t<\/div>\n\t\t\t<\/div>\n\t\t<\/div>\n\t\t\t\t\t\t\t<div class=\"timeline-item clearfix\">\n\t\t\t<div class=\"left-part\">\n\t\t\t\t<h5 class=\"item-period\">April 2013 - September 2016<\/h5>\n\t\t\t\t<span class=\"item-company\">Universit\u00e4t Koblenz-Landau<\/span>\n\t\t\t\t\t\t\t<\/div>\n\t\t\t<div class=\"divider\"><\/div>\n\t\t\t<div class=\"right-part\">\n\t\t\t\t<h4 class=\"item-title\">Zwei-Fach-Bachelor Psychologie und Management (\u00d8 1,2)<\/h4>\n\t\t\t\t<div class=\"text\">\n\t\t\t\t\t<ul><li>Wirtschaftsinformatik, Entrepreneurship, Umweltpsychologie<\/li><li>Bachelorarbeit: Untersuchung der Effektivit\u00e4t von Work-Life-Balance Ma\u00dfnahmen<\/li><\/ul>\t\t\t\t<\/div>\n\t\t\t<\/div>\n\t\t<\/div>\n\t\t\t<\/div>\n\t<\/div>\r\n<\/div>\r\n<\/div>\n\n\t<\/div>\n<\/section>","protected":false},"excerpt":{"rendered":"<p>Experience April 2025 &#8211; today University of Koblenz Assistant professor for digitalization and sustainable management Leader of the research group on digitalization and sustainable management (https:\/\/www.uni-koblenz.de\/de\/informatik\/ifm\/digitalisierung_nachhaltiges_wirtschaften) March 2025 &#8211; April 2025 Otto-Friedrich-Universit\u00e4t Bamberg Postdoctoral researcher Research project on human-AI co-creativity for sustainability innovations, awarded by the postdoc graduate center of the Bavarian Research Institute for&#8230;<\/p>\n<p><a class=\"read-more\" href=\"https:\/\/jeaninekrath.com\/de\/resume\/\">Read More<\/a><\/p>","protected":false},"author":1,"featured_media":0,"parent":0,"menu_order":0,"comment_status":"closed","ping_status":"closed","template":"","meta":{"footnotes":""},"_links":{"self":[{"href":"https:\/\/jeaninekrath.com\/de\/wp-json\/wp\/v2\/pages\/26"}],"collection":[{"href":"https:\/\/jeaninekrath.com\/de\/wp-json\/wp\/v2\/pages"}],"about":[{"href":"https:\/\/jeaninekrath.com\/de\/wp-json\/wp\/v2\/types\/page"}],"author":[{"embeddable":true,"href":"https:\/\/jeaninekrath.com\/de\/wp-json\/wp\/v2\/users\/1"}],"replies":[{"embeddable":true,"href":"https:\/\/jeaninekrath.com\/de\/wp-json\/wp\/v2\/comments?post=26"}],"version-history":[{"count":18,"href":"https:\/\/jeaninekrath.com\/de\/wp-json\/wp\/v2\/pages\/26\/revisions"}],"predecessor-version":[{"id":649,"href":"https:\/\/jeaninekrath.com\/de\/wp-json\/wp\/v2\/pages\/26\/revisions\/649"}],"wp:attachment":[{"href":"https:\/\/jeaninekrath.com\/de\/wp-json\/wp\/v2\/media?parent=26"}],"curies":[{"name":"wp","href":"https:\/\/api.w.org\/{rel}","templated":true}]}}