{"id":372,"date":"2021-07-30T00:32:20","date_gmt":"2021-07-29T22:32:20","guid":{"rendered":"https:\/\/jeaninekrath.com\/?page_id=372"},"modified":"2025-03-22T00:59:18","modified_gmt":"2025-03-21T23:59:18","slug":"imprint","status":"publish","type":"page","link":"https:\/\/jeaninekrath.com\/de\/imprint\/","title":{"rendered":"Impressum"},"content":{"rendered":"<h1 class=\"wp-block-heading\">Impressum<\/h1>\n\n\n\n<p>Angaben gem\u00e4\u00df \u00a7 5 TMG<\/p>\n\n\n\n<p>Jeanine Kirchner-Krath<br>Universit\u00e4tsstra\u00dfe 1<br>56070 Koblenz<br><\/p>\n\n\n\n<p><strong>Vertreten durch:<\/strong><br>Jeanine Kirchner-Krath<\/p>\n\n\n\n<p><strong>Kontakt:<\/strong><br>Email: <a href=\"mailto: kirchner-krath@uni-koblenz.de\">kirchner-krath@uni-koblenz.de<\/a><\/p>\n\n\n\n<p><strong>Verantwortlich f\u00fcr den Inhalt nach \u00a7 55 Abs. 2 RStV:<\/strong><br>Jeanine Kirchner-Krath<br>Universit\u00e4tsstra\u00dfe 1<br>56070 Koblenz<\/p>\n\n\n\n<p><strong>Haftungsausschluss:<\/strong><br><strong>Haftung f\u00fcr Links<\/strong><br><br>Unser Angebot enth\u00e4lt Links zu externen Webseiten Dritter, auf deren Inhalte wir keinen Einfluss haben. Deshalb k\u00f6nnen wir f\u00fcr diese fremden Inhalte auch keine Gew\u00e4hr \u00fcbernehmen. F\u00fcr die Inhalte der verlinkten Seiten ist stets der jeweilige Anbieter oder Betreiber der Seiten verantwortlich. Die verlinkten Seiten wurden zum Zeitpunkt der Verlinkung auf m\u00f6gliche Rechtsverst\u00f6\u00dfe \u00fcberpr\u00fcft. Rechtswidrige Inhalte waren zum Zeitpunkt der Verlinkung nicht erkennbar. Eine permanente inhaltliche Kontrolle der verlinkten Seiten ist jedoch ohne konkrete Anhaltspunkte einer Rechtsverletzung nicht zumutbar. Bei Bekanntwerden von Rechtsverletzungen werden wir derartige Links umgehend entfernen.<br><br><strong>Datenschutz<\/strong><br><br>Die Nutzung unserer Webseite ist in der Regel ohne Angabe personenbezogener Daten m\u00f6glich. Soweit auf unseren Seiten personenbezogene Daten (beispielsweise Name, Anschrift oder eMail-Adressen) erhoben werden, erfolgt dies, soweit m\u00f6glich, stets auf freiwilliger Basis. Diese Daten werden ohne Ihre ausdr\u00fcckliche Zustimmung nicht an Dritte weitergegeben.<br>Wir weisen darauf hin, dass die Daten\u00fcbertragung im Internet (z.B. bei der Kommunikation per E-Mail) Sicherheitsl\u00fccken aufweisen kann. Ein l\u00fcckenloser Schutz der Daten vor dem Zugriff durch Dritte ist nicht m\u00f6glich.<br>Der Nutzung von im Rahmen der Impressumspflicht ver\u00f6ffentlichten Kontaktdaten durch Dritte zur \u00dcbersendung von nicht ausdr\u00fccklich angeforderter Werbung und Informationsmaterialien wird hiermit ausdr\u00fccklich widersprochen. Die Betreiber der Seiten behalten sich ausdr\u00fccklich rechtliche Schritte im Falle der unverlangten Zusendung von Werbeinformationen, etwa durch Spam-Mails, vor.<br><br><br><strong>Google Analytics<\/strong><br><br>Diese Website benutzt Google Analytics, einen Webanalysedienst der Google Inc. (''Google''). Google Analytics verwendet sog. ''Cookies'', Textdateien, die auf Ihrem Computer gespeichert werden und die eine Analyse der Benutzung der Website durch Sie erm\u00f6glicht. Die durch den Cookie erzeugten Informationen \u00fcber Ihre Benutzung dieser Website (einschlie\u00dflich Ihrer IP-Adresse) wird an einen Server von Google in den USA \u00fcbertragen und dort gespeichert. Google wird diese Informationen benutzen, um Ihre Nutzung der Website auszuwerten, um Reports \u00fcber die Websiteaktivit\u00e4ten f\u00fcr die Websitebetreiber zusammenzustellen und um weitere mit der Websitenutzung und der Internetnutzung verbundene Dienstleistungen zu erbringen. Auch wird Google diese Informationen gegebenenfalls an Dritte \u00fcbertragen, sofern dies gesetzlich vorgeschrieben oder soweit Dritte diese Daten im Auftrag von Google verarbeiten. Google wird in keinem Fall Ihre IP-Adresse mit anderen Daten der Google in Verbindung bringen. Sie k\u00f6nnen die Installation der Cookies durch eine entsprechende Einstellung Ihrer Browser Software verhindern; wir weisen Sie jedoch darauf hin, dass Sie in diesem Fall gegebenenfalls nicht s\u00e4mtliche Funktionen dieser Website voll umf\u00e4nglich nutzen k\u00f6nnen. Durch die Nutzung dieser Website erkl\u00e4ren Sie sich mit der Bearbeitung der \u00fcber Sie erhobenen Daten durch Google in der zuvor beschriebenen Art und Weise und zu dem zuvor benannten Zweck einverstanden.<br><\/p>\n\n\n\n<p>Website Impressum erstellt durch <a href=\"https:\/\/www.impressum-generator.de\" target=\"_blank\" rel=\"noopener\">impressum-generator.de<\/a> von der <a href=\"https:\/\/www.kanzlei-hasselbach.de\/\" target=\"_blank\" rel=\"noopener\">Kanzlei Hasselbach<\/a>.<\/p>\n\n\n\n<p><\/p>","protected":false},"excerpt":{"rendered":"<p>Imprint Information according to \u00a7 5 TMG Jeanine Kirchner-KrathUniversit\u00e4tsstra\u00dfe 156070 Koblenz Represented by:Jeanine Kirchner-Krath Contact:Email: kirchner-krath@uni-koblenz.de Responsible for the content according to \u00a7 55 para 2 RStV:Jeanine Kirchner-KrathUniversit\u00e4tsstra\u00dfe 156070 Koblenz Disclaimer:Liability for links Our offer contains links to external websites of third parties, on whose contents we have no influence. Therefore, we can also not&#8230;<\/p>\n<p><a class=\"read-more\" href=\"https:\/\/jeaninekrath.com\/de\/imprint\/\">Read More<\/a><\/p>","protected":false},"author":2,"featured_media":0,"parent":0,"menu_order":0,"comment_status":"closed","ping_status":"closed","template":"","meta":{"footnotes":""},"_links":{"self":[{"href":"https:\/\/jeaninekrath.com\/de\/wp-json\/wp\/v2\/pages\/372"}],"collection":[{"href":"https:\/\/jeaninekrath.com\/de\/wp-json\/wp\/v2\/pages"}],"about":[{"href":"https:\/\/jeaninekrath.com\/de\/wp-json\/wp\/v2\/types\/page"}],"author":[{"embeddable":true,"href":"https:\/\/jeaninekrath.com\/de\/wp-json\/wp\/v2\/users\/2"}],"replies":[{"embeddable":true,"href":"https:\/\/jeaninekrath.com\/de\/wp-json\/wp\/v2\/comments?post=372"}],"version-history":[{"count":6,"href":"https:\/\/jeaninekrath.com\/de\/wp-json\/wp\/v2\/pages\/372\/revisions"}],"predecessor-version":[{"id":651,"href":"https:\/\/jeaninekrath.com\/de\/wp-json\/wp\/v2\/pages\/372\/revisions\/651"}],"wp:attachment":[{"href":"https:\/\/jeaninekrath.com\/de\/wp-json\/wp\/v2\/media?parent=372"}],"curies":[{"name":"wp","href":"https:\/\/api.w.org\/{rel}","templated":true}]}}